{"id":27059,"date":"2025-08-18T08:31:44","date_gmt":"2025-08-18T08:31:44","guid":{"rendered":"https:\/\/hataydenizkuyumculuk.com.tr\/?page_id=27059"},"modified":"2025-08-18T08:34:49","modified_gmt":"2025-08-18T08:34:49","slug":"hatay-kuyumcu","status":"publish","type":"page","link":"https:\/\/hataydenizkuyumculuk.com.tr\/index.php\/hatay-kuyumcu\/","title":{"rendered":"Hatay Kuyumcu"},"content":{"rendered":"\t\t<div data-elementor-type=\"wp-page\" data-elementor-id=\"27059\" class=\"elementor elementor-27059\">\n\t\t\t\t\t\t<section class=\"wd-negative-gap elementor-section elementor-top-section elementor-element elementor-element-5a0c65d2 wd-section-stretch elementor-section-content-middle elementor-section-boxed elementor-section-height-default elementor-section-height-default\" data-id=\"5a0c65d2\" data-element_type=\"section\" data-settings=\"{&quot;background_background&quot;:&quot;classic&quot;}\">\n\t\t\t\t\t\t\t<div class=\"elementor-background-overlay\"><\/div>\n\t\t\t\t\t\t\t<div class=\"elementor-container elementor-column-gap-no\">\n\t\t\t\t\t<div class=\"elementor-column elementor-col-50 elementor-top-column elementor-element elementor-element-726e986\" data-id=\"726e986\" data-element_type=\"column\" data-settings=\"{&quot;background_background&quot;:&quot;classic&quot;}\">\n\t\t\t<div class=\"elementor-widget-wrap elementor-element-populated\">\n\t\t\t\t\t\t<section class=\"wd-negative-gap elementor-section elementor-inner-section elementor-element elementor-element-36827543 elementor-section-boxed elementor-section-height-default elementor-section-height-default\" data-id=\"36827543\" data-element_type=\"section\" data-settings=\"{&quot;background_background&quot;:&quot;classic&quot;}\">\n\t\t\t\t\t\t<div class=\"elementor-container elementor-column-gap-default\">\n\t\t\t\t\t<div class=\"elementor-column elementor-col-100 elementor-inner-column elementor-element elementor-element-739a10cd\" data-id=\"739a10cd\" data-element_type=\"column\">\n\t\t\t<div class=\"elementor-widget-wrap elementor-element-populated\">\n\t\t\t\t\t\t<div class=\"elementor-element elementor-element-1b4f087d wd-width-100 elementor-widget elementor-widget-wd_title\" data-id=\"1b4f087d\" data-element_type=\"widget\" data-widget_type=\"wd_title.default\">\n\t\t\t\t<div class=\"elementor-widget-container\">\n\t\t\t\t\t\t\t<div class=\"title-wrapper set-mb-s reset-last-child wd-title-color-default wd-title-style-default wd-title-size-default text-left\">\n\n\t\t\t\n\t\t\t<div class=\"liner-continer\">\n\t\t\t\t<h4 class=\"woodmart-title-container title wd-fontsize-l\">Gelenekten gelece\u011fe uzanan g\u00fcven ve zarafet.<\/h4> \n\t\t\t\t\t\t\t<\/div>\n\n\t\t\t\t\t<\/div>\n\t\t\t\t\t\t<\/div>\n\t\t\t\t<\/div>\n\t\t\t\t<div class=\"elementor-element elementor-element-342abb39 elementor-widget elementor-widget-wd_text_block\" data-id=\"342abb39\" data-element_type=\"widget\" data-widget_type=\"wd_text_block.default\">\n\t\t\t\t<div class=\"elementor-widget-container\">\n\t\t\t\t\t\t\t<div class=\"wd-text-block reset-last-child text-left\">\n\t\t\t\n\t\t\t<p>Tarihi ve k\u00fclt\u00fcrel zenginlikleriyle \u00f6ne \u00e7\u0131kan Hatay, kuyumculuk sekt\u00f6r\u00fcnde de k\u00f6kl\u00fc bir ge\u00e7mi\u015fe sahiptir. Alt\u0131n ve de\u011ferli ta\u015f i\u015flemecili\u011fi, b\u00f6lgenin ustal\u0131kla nesilden nesile aktard\u0131\u011f\u0131 bir gelenektir. Hatay kuyumcular\u0131, hem klasik tasar\u0131mlar\u0131 hem de modern \u00e7izgileri bir araya getirerek m\u00fc\u015fterilerine g\u00fcven, kalite ve estetik sunmaktad\u0131r.<\/p>\n\t\t\t\t\t<\/div>\n\t\t\t\t\t\t<\/div>\n\t\t\t\t<\/div>\n\t\t\t\t<div class=\"elementor-element elementor-element-389b61cc elementor-widget elementor-widget-wd_text_block\" data-id=\"389b61cc\" data-element_type=\"widget\" data-widget_type=\"wd_text_block.default\">\n\t\t\t\t<div class=\"elementor-widget-container\">\n\t\t\t\t\t\t\t<div class=\"wd-text-block reset-last-child text-left\">\n\t\t\t\n\t\t\t<p>Bug\u00fcn Hatay kuyumcular\u0131, hem yerel halk\u0131n hem de \u015fehri ziyaret edenlerin en \u00e7ok tercih etti\u011fi g\u00fcvenilir adreslerden biridir. D\u00fc\u011f\u00fcnler, \u00f6zel g\u00fcnler ve g\u00fcnl\u00fck kullan\u0131m i\u00e7in arad\u0131\u011f\u0131n\u0131z her t\u00fcrl\u00fc tak\u0131, Hatay\u2019\u0131n k\u00f6kl\u00fc kuyumculuk gelene\u011finde hayat bulur.<\/p>\n\t\t\t\t\t<\/div>\n\t\t\t\t\t\t<\/div>\n\t\t\t\t<\/div>\n\t\t\t\t\t<\/div>\n\t\t<\/div>\n\t\t\t\t\t<\/div>\n\t\t<\/section>\n\t\t\t\t\t<\/div>\n\t\t<\/div>\n\t\t\t\t<div class=\"elementor-column elementor-col-50 elementor-top-column elementor-element elementor-element-63cb24ce\" data-id=\"63cb24ce\" data-element_type=\"column\">\n\t\t\t<div class=\"elementor-widget-wrap elementor-element-populated\">\n\t\t\t\t\t\t<div class=\"elementor-element elementor-element-68dfd3e6 elementor-widget elementor-widget-wd_image_or_svg\" data-id=\"68dfd3e6\" data-element_type=\"widget\" data-widget_type=\"wd_image_or_svg.default\">\n\t\t\t\t<div class=\"elementor-widget-container\">\n\t\t\t\t\t\n\t\t<div class=\"wd-image text-center\">\n\t\t\t\t\t\t\t\t<img fetchpriority=\"high\" decoding=\"async\" width=\"640\" height=\"640\" src=\"https:\/\/hataydenizkuyumculuk.com.tr\/wp-content\/uploads\/2025\/08\/Adsiz-tasarim-2025-08-18T113420.039.png\" class=\"attachment-full size-full\" alt=\"\" srcset=\"https:\/\/hataydenizkuyumculuk.com.tr\/wp-content\/uploads\/2025\/08\/Adsiz-tasarim-2025-08-18T113420.039.png 640w, https:\/\/hataydenizkuyumculuk.com.tr\/wp-content\/uploads\/2025\/08\/Adsiz-tasarim-2025-08-18T113420.039-300x300.png 300w, https:\/\/hataydenizkuyumculuk.com.tr\/wp-content\/uploads\/2025\/08\/Adsiz-tasarim-2025-08-18T113420.039-150x150.png 150w, https:\/\/hataydenizkuyumculuk.com.tr\/wp-content\/uploads\/2025\/08\/Adsiz-tasarim-2025-08-18T113420.039-430x430.png 430w\" sizes=\"(max-width: 640px) 100vw, 640px\" \/>\t\t\t\t\t<\/div>\n\n\t\t\t\t\t\t<\/div>\n\t\t\t\t<\/div>\n\t\t\t\t\t<\/div>\n\t\t<\/div>\n\t\t\t\t\t<\/div>\n\t\t<\/section>\n\t\t\t\t<\/div>\n\t\t","protected":false},"excerpt":{"rendered":"<p>Gelenekten gelece\u011fe uzanan g\u00fcven ve zarafet. Tarihi ve k\u00fclt\u00fcrel zenginlikleriyle \u00f6ne \u00e7\u0131kan Hatay, kuyumculuk sekt\u00f6r\u00fcnde de k\u00f6kl\u00fc bir ge\u00e7mi\u015fe sahiptir.<\/p>\n","protected":false},"author":1,"featured_media":0,"parent":0,"menu_order":0,"comment_status":"closed","ping_status":"closed","template":"","meta":{"footnotes":""},"class_list":["post-27059","page","type-page","status-publish","hentry"],"_links":{"self":[{"href":"https:\/\/hataydenizkuyumculuk.com.tr\/index.php\/wp-json\/wp\/v2\/pages\/27059","targetHints":{"allow":["GET"]}}],"collection":[{"href":"https:\/\/hataydenizkuyumculuk.com.tr\/index.php\/wp-json\/wp\/v2\/pages"}],"about":[{"href":"https:\/\/hataydenizkuyumculuk.com.tr\/index.php\/wp-json\/wp\/v2\/types\/page"}],"author":[{"embeddable":true,"href":"https:\/\/hataydenizkuyumculuk.com.tr\/index.php\/wp-json\/wp\/v2\/users\/1"}],"replies":[{"embeddable":true,"href":"https:\/\/hataydenizkuyumculuk.com.tr\/index.php\/wp-json\/wp\/v2\/comments?post=27059"}],"version-history":[{"count":4,"href":"https:\/\/hataydenizkuyumculuk.com.tr\/index.php\/wp-json\/wp\/v2\/pages\/27059\/revisions"}],"predecessor-version":[{"id":27069,"href":"https:\/\/hataydenizkuyumculuk.com.tr\/index.php\/wp-json\/wp\/v2\/pages\/27059\/revisions\/27069"}],"wp:attachment":[{"href":"https:\/\/hataydenizkuyumculuk.com.tr\/index.php\/wp-json\/wp\/v2\/media?parent=27059"}],"curies":[{"name":"wp","href":"https:\/\/api.w.org\/{rel}","templated":true}]}}