{"id":27070,"date":"2025-08-18T08:35:17","date_gmt":"2025-08-18T08:35:17","guid":{"rendered":"https:\/\/hataydenizkuyumculuk.com.tr\/?page_id=27070"},"modified":"2025-08-18T08:38:42","modified_gmt":"2025-08-18T08:38:42","slug":"hatay-altin","status":"publish","type":"page","link":"https:\/\/hataydenizkuyumculuk.com.tr\/index.php\/hatay-altin\/","title":{"rendered":"Hatay Alt\u0131n"},"content":{"rendered":"\t\t<div data-elementor-type=\"wp-page\" data-elementor-id=\"27070\" class=\"elementor elementor-27070\">\n\t\t\t\t\t\t<section class=\"wd-negative-gap elementor-section elementor-top-section elementor-element elementor-element-6062fb85 wd-section-stretch elementor-section-content-middle elementor-section-boxed elementor-section-height-default elementor-section-height-default\" data-id=\"6062fb85\" data-element_type=\"section\" data-settings=\"{&quot;background_background&quot;:&quot;classic&quot;}\">\n\t\t\t\t\t\t\t<div class=\"elementor-background-overlay\"><\/div>\n\t\t\t\t\t\t\t<div class=\"elementor-container elementor-column-gap-no\">\n\t\t\t\t\t<div class=\"elementor-column elementor-col-50 elementor-top-column elementor-element elementor-element-2674ec91\" data-id=\"2674ec91\" data-element_type=\"column\" data-settings=\"{&quot;background_background&quot;:&quot;classic&quot;}\">\n\t\t\t<div class=\"elementor-widget-wrap elementor-element-populated\">\n\t\t\t\t\t\t<section class=\"wd-negative-gap elementor-section elementor-inner-section elementor-element elementor-element-61391508 elementor-section-boxed elementor-section-height-default elementor-section-height-default\" data-id=\"61391508\" data-element_type=\"section\" data-settings=\"{&quot;background_background&quot;:&quot;classic&quot;}\">\n\t\t\t\t\t\t<div class=\"elementor-container elementor-column-gap-default\">\n\t\t\t\t\t<div class=\"elementor-column elementor-col-100 elementor-inner-column elementor-element elementor-element-1ccfc242\" data-id=\"1ccfc242\" data-element_type=\"column\">\n\t\t\t<div class=\"elementor-widget-wrap elementor-element-populated\">\n\t\t\t\t\t\t<div class=\"elementor-element elementor-element-347dc919 wd-width-100 elementor-widget elementor-widget-wd_title\" data-id=\"347dc919\" data-element_type=\"widget\" data-widget_type=\"wd_title.default\">\n\t\t\t\t<div class=\"elementor-widget-container\">\n\t\t\t\t\t\t\t<div class=\"title-wrapper set-mb-s reset-last-child wd-title-color-default wd-title-style-default wd-title-size-default text-left\">\n\n\t\t\t\n\t\t\t<div class=\"liner-continer\">\n\t\t\t\t<h4 class=\"woodmart-title-container title wd-fontsize-l\">De\u011ferini her zaman koruyan g\u00fcvenin ve \u015f\u0131kl\u0131\u011f\u0131n simgesi<\/h4> \n\t\t\t\t\t\t\t<\/div>\n\n\t\t\t\t\t<\/div>\n\t\t\t\t\t\t<\/div>\n\t\t\t\t<\/div>\n\t\t\t\t<div class=\"elementor-element elementor-element-42de2267 elementor-widget elementor-widget-wd_text_block\" data-id=\"42de2267\" data-element_type=\"widget\" data-widget_type=\"wd_text_block.default\">\n\t\t\t\t<div class=\"elementor-widget-container\">\n\t\t\t\t\t\t\t<div class=\"wd-text-block reset-last-child text-left\">\n\t\t\t\n\t\t\t<p>Hatay, tarih boyunca farkl\u0131 k\u00fclt\u00fcrlere ev sahipli\u011fi yapm\u0131\u015f ve bu zenginli\u011fi kuyumculuk gelene\u011fine de yans\u0131tm\u0131\u015ft\u0131r. \u201cHatay Alt\u0131n\u201d denildi\u011finde akla yaln\u0131zca de\u011ferli bir maden de\u011fil; g\u00fcven, kalite ve zarafet gelir. B\u00f6lgedeki kuyumcular, alt\u0131n i\u015flemecili\u011finde ustal\u0131klar\u0131n\u0131 modern tasar\u0131mlarla bulu\u015fturarak hem g\u00fcnl\u00fck kullan\u0131ma hem de \u00f6zel g\u00fcnlere uygun tak\u0131lar sunmaktad\u0131r.<\/p>\n\t\t\t\t\t<\/div>\n\t\t\t\t\t\t<\/div>\n\t\t\t\t<\/div>\n\t\t\t\t<div class=\"elementor-element elementor-element-63a40128 elementor-widget elementor-widget-wd_text_block\" data-id=\"63a40128\" data-element_type=\"widget\" data-widget_type=\"wd_text_block.default\">\n\t\t\t\t<div class=\"elementor-widget-container\">\n\t\t\t\t\t\t\t<div class=\"wd-text-block reset-last-child text-left\">\n\t\t\t\n\t\t\t<p>D\u00fc\u011f\u00fcn, ni\u015fan, \u00f6zel g\u00fcnler veya yat\u0131r\u0131m amac\u0131yla tercih edilen alt\u0131n, Hatay kuyumculu\u011funun g\u00fcvenilirli\u011fi sayesinde her zaman de\u011ferini korur. Alt\u0131n bileziklerden kolyelere, y\u00fcz\u00fcklerden setlere kadar geni\u015f \u00fcr\u00fcn yelpazesiyle Hatay, alt\u0131n al\u0131\u015fveri\u015finde b\u00f6lgenin en \u00e7ok tercih edilen adreslerinden biridir.<\/p>\n\t\t\t\t\t<\/div>\n\t\t\t\t\t\t<\/div>\n\t\t\t\t<\/div>\n\t\t\t\t\t<\/div>\n\t\t<\/div>\n\t\t\t\t\t<\/div>\n\t\t<\/section>\n\t\t\t\t\t<\/div>\n\t\t<\/div>\n\t\t\t\t<div class=\"elementor-column elementor-col-50 elementor-top-column elementor-element elementor-element-20ba8204\" data-id=\"20ba8204\" data-element_type=\"column\">\n\t\t\t<div class=\"elementor-widget-wrap elementor-element-populated\">\n\t\t\t\t\t\t<div class=\"elementor-element elementor-element-4cc9c3af elementor-widget elementor-widget-wd_image_or_svg\" data-id=\"4cc9c3af\" data-element_type=\"widget\" data-widget_type=\"wd_image_or_svg.default\">\n\t\t\t\t<div class=\"elementor-widget-container\">\n\t\t\t\t\t\n\t\t<div class=\"wd-image text-center\">\n\t\t\t\t\t\t\t\t<img fetchpriority=\"high\" decoding=\"async\" width=\"640\" height=\"640\" src=\"https:\/\/hataydenizkuyumculuk.com.tr\/wp-content\/uploads\/2025\/08\/Adsiz-tasarim-2025-08-18T113823.890.png\" class=\"attachment-full size-full\" alt=\"\" srcset=\"https:\/\/hataydenizkuyumculuk.com.tr\/wp-content\/uploads\/2025\/08\/Adsiz-tasarim-2025-08-18T113823.890.png 640w, https:\/\/hataydenizkuyumculuk.com.tr\/wp-content\/uploads\/2025\/08\/Adsiz-tasarim-2025-08-18T113823.890-300x300.png 300w, https:\/\/hataydenizkuyumculuk.com.tr\/wp-content\/uploads\/2025\/08\/Adsiz-tasarim-2025-08-18T113823.890-150x150.png 150w, https:\/\/hataydenizkuyumculuk.com.tr\/wp-content\/uploads\/2025\/08\/Adsiz-tasarim-2025-08-18T113823.890-430x430.png 430w\" sizes=\"(max-width: 640px) 100vw, 640px\" \/>\t\t\t\t\t<\/div>\n\n\t\t\t\t\t\t<\/div>\n\t\t\t\t<\/div>\n\t\t\t\t\t<\/div>\n\t\t<\/div>\n\t\t\t\t\t<\/div>\n\t\t<\/section>\n\t\t\t\t<\/div>\n\t\t","protected":false},"excerpt":{"rendered":"<p>De\u011ferini her zaman koruyan g\u00fcvenin ve \u015f\u0131kl\u0131\u011f\u0131n simgesi Hatay, tarih boyunca farkl\u0131 k\u00fclt\u00fcrlere ev sahipli\u011fi yapm\u0131\u015f ve bu zenginli\u011fi kuyumculuk<\/p>\n","protected":false},"author":1,"featured_media":0,"parent":0,"menu_order":0,"comment_status":"closed","ping_status":"closed","template":"","meta":{"footnotes":""},"class_list":["post-27070","page","type-page","status-publish","hentry"],"_links":{"self":[{"href":"https:\/\/hataydenizkuyumculuk.com.tr\/index.php\/wp-json\/wp\/v2\/pages\/27070","targetHints":{"allow":["GET"]}}],"collection":[{"href":"https:\/\/hataydenizkuyumculuk.com.tr\/index.php\/wp-json\/wp\/v2\/pages"}],"about":[{"href":"https:\/\/hataydenizkuyumculuk.com.tr\/index.php\/wp-json\/wp\/v2\/types\/page"}],"author":[{"embeddable":true,"href":"https:\/\/hataydenizkuyumculuk.com.tr\/index.php\/wp-json\/wp\/v2\/users\/1"}],"replies":[{"embeddable":true,"href":"https:\/\/hataydenizkuyumculuk.com.tr\/index.php\/wp-json\/wp\/v2\/comments?post=27070"}],"version-history":[{"count":4,"href":"https:\/\/hataydenizkuyumculuk.com.tr\/index.php\/wp-json\/wp\/v2\/pages\/27070\/revisions"}],"predecessor-version":[{"id":27076,"href":"https:\/\/hataydenizkuyumculuk.com.tr\/index.php\/wp-json\/wp\/v2\/pages\/27070\/revisions\/27076"}],"wp:attachment":[{"href":"https:\/\/hataydenizkuyumculuk.com.tr\/index.php\/wp-json\/wp\/v2\/media?parent=27070"}],"curies":[{"name":"wp","href":"https:\/\/api.w.org\/{rel}","templated":true}]}}