{"id":27079,"date":"2025-08-18T08:40:01","date_gmt":"2025-08-18T08:40:01","guid":{"rendered":"https:\/\/hataydenizkuyumculuk.com.tr\/?page_id=27079"},"modified":"2025-08-18T08:42:00","modified_gmt":"2025-08-18T08:42:00","slug":"hatay-ozel-tasarim-altin","status":"publish","type":"page","link":"https:\/\/hataydenizkuyumculuk.com.tr\/index.php\/hatay-ozel-tasarim-altin\/","title":{"rendered":"Hatay \u00d6zel Tasar\u0131m Alt\u0131n"},"content":{"rendered":"\t\t<div data-elementor-type=\"wp-page\" data-elementor-id=\"27079\" class=\"elementor elementor-27079\">\n\t\t\t\t\t\t<section class=\"wd-negative-gap elementor-section elementor-top-section elementor-element elementor-element-696a9d66 wd-section-stretch elementor-section-content-middle elementor-section-boxed elementor-section-height-default elementor-section-height-default\" data-id=\"696a9d66\" data-element_type=\"section\" data-settings=\"{&quot;background_background&quot;:&quot;classic&quot;}\">\n\t\t\t\t\t\t\t<div class=\"elementor-background-overlay\"><\/div>\n\t\t\t\t\t\t\t<div class=\"elementor-container elementor-column-gap-no\">\n\t\t\t\t\t<div class=\"elementor-column elementor-col-50 elementor-top-column elementor-element elementor-element-58436afc\" data-id=\"58436afc\" data-element_type=\"column\" data-settings=\"{&quot;background_background&quot;:&quot;classic&quot;}\">\n\t\t\t<div class=\"elementor-widget-wrap elementor-element-populated\">\n\t\t\t\t\t\t<section class=\"wd-negative-gap elementor-section elementor-inner-section elementor-element elementor-element-25b27180 elementor-section-boxed elementor-section-height-default elementor-section-height-default\" data-id=\"25b27180\" data-element_type=\"section\" data-settings=\"{&quot;background_background&quot;:&quot;classic&quot;}\">\n\t\t\t\t\t\t<div class=\"elementor-container elementor-column-gap-default\">\n\t\t\t\t\t<div class=\"elementor-column elementor-col-100 elementor-inner-column elementor-element elementor-element-197cff90\" data-id=\"197cff90\" data-element_type=\"column\">\n\t\t\t<div class=\"elementor-widget-wrap elementor-element-populated\">\n\t\t\t\t\t\t<div class=\"elementor-element elementor-element-6daa00cb wd-width-100 elementor-widget elementor-widget-wd_title\" data-id=\"6daa00cb\" data-element_type=\"widget\" data-widget_type=\"wd_title.default\">\n\t\t\t\t<div class=\"elementor-widget-container\">\n\t\t\t\t\t\t\t<div class=\"title-wrapper set-mb-s reset-last-child wd-title-color-default wd-title-style-default wd-title-size-default text-left\">\n\n\t\t\t\n\t\t\t<div class=\"liner-continer\">\n\t\t\t\t<h4 class=\"woodmart-title-container title wd-fontsize-l\">Sizin kadar e\u015fsiz<\/h4> \n\t\t\t\t\t\t\t<\/div>\n\n\t\t\t\t\t<\/div>\n\t\t\t\t\t\t<\/div>\n\t\t\t\t<\/div>\n\t\t\t\t<div class=\"elementor-element elementor-element-608dc3c8 elementor-widget elementor-widget-wd_text_block\" data-id=\"608dc3c8\" data-element_type=\"widget\" data-widget_type=\"wd_text_block.default\">\n\t\t\t\t<div class=\"elementor-widget-container\">\n\t\t\t\t\t\t\t<div class=\"wd-text-block reset-last-child text-left\">\n\t\t\t\n\t\t\t<p>Alt\u0131n, yaln\u0131zca bir yat\u0131r\u0131m de\u011fil; ayn\u0131 zamanda ki\u015fili\u011finizi ve tarz\u0131n\u0131z\u0131 yans\u0131tan \u00f6zel bir de\u011ferdir. <strong data-start=\"206\" data-end=\"234\">Hatay \u00f6zel tasar\u0131m alt\u0131n<\/strong> tak\u0131lar, geleneksel kuyumculuk ustal\u0131\u011f\u0131n\u0131 modern \u00e7izgilerle bulu\u015fturarak size e\u015fsiz bir \u015f\u0131kl\u0131k sunar.<\/p>\n\t\t\t\t\t<\/div>\n\t\t\t\t\t\t<\/div>\n\t\t\t\t<\/div>\n\t\t\t\t<div class=\"elementor-element elementor-element-48de085c elementor-widget elementor-widget-wd_text_block\" data-id=\"48de085c\" data-element_type=\"widget\" data-widget_type=\"wd_text_block.default\">\n\t\t\t\t<div class=\"elementor-widget-container\">\n\t\t\t\t\t\t\t<div class=\"wd-text-block reset-last-child text-left\">\n\t\t\t\n\t\t\t<p>Her par\u00e7a, usta ellerde \u00f6zenle haz\u0131rlan\u0131r ve tamamen size \u00f6zel olarak tasarlan\u0131r. \u0130ster g\u00fcnl\u00fck kullan\u0131m i\u00e7in zarif bir detay, ister en \u00f6zel g\u00fcnlerinize e\u015flik edecek g\u00f6z al\u0131c\u0131 bir tak\u0131 olsun; Hatay\u2019\u0131n \u00f6zel tasar\u0131m alt\u0131nlar\u0131 ile fark\u0131n\u0131z\u0131 ortaya koyabilirsiniz<\/p>\n\t\t\t\t\t<\/div>\n\t\t\t\t\t\t<\/div>\n\t\t\t\t<\/div>\n\t\t\t\t\t<\/div>\n\t\t<\/div>\n\t\t\t\t\t<\/div>\n\t\t<\/section>\n\t\t\t\t\t<\/div>\n\t\t<\/div>\n\t\t\t\t<div class=\"elementor-column elementor-col-50 elementor-top-column elementor-element elementor-element-179cbfac\" data-id=\"179cbfac\" data-element_type=\"column\">\n\t\t\t<div class=\"elementor-widget-wrap elementor-element-populated\">\n\t\t\t\t\t\t<div class=\"elementor-element elementor-element-4480ba0 elementor-widget elementor-widget-wd_image_or_svg\" data-id=\"4480ba0\" data-element_type=\"widget\" data-widget_type=\"wd_image_or_svg.default\">\n\t\t\t\t<div class=\"elementor-widget-container\">\n\t\t\t\t\t\n\t\t<div class=\"wd-image text-center\">\n\t\t\t\t\t\t\t\t<img fetchpriority=\"high\" decoding=\"async\" width=\"640\" height=\"640\" src=\"https:\/\/hataydenizkuyumculuk.com.tr\/wp-content\/uploads\/2025\/08\/Adsiz-tasarim-2025-08-18T114148.713.png\" class=\"attachment-full size-full\" alt=\"\" srcset=\"https:\/\/hataydenizkuyumculuk.com.tr\/wp-content\/uploads\/2025\/08\/Adsiz-tasarim-2025-08-18T114148.713.png 640w, https:\/\/hataydenizkuyumculuk.com.tr\/wp-content\/uploads\/2025\/08\/Adsiz-tasarim-2025-08-18T114148.713-300x300.png 300w, https:\/\/hataydenizkuyumculuk.com.tr\/wp-content\/uploads\/2025\/08\/Adsiz-tasarim-2025-08-18T114148.713-150x150.png 150w, https:\/\/hataydenizkuyumculuk.com.tr\/wp-content\/uploads\/2025\/08\/Adsiz-tasarim-2025-08-18T114148.713-430x430.png 430w\" sizes=\"(max-width: 640px) 100vw, 640px\" \/>\t\t\t\t\t<\/div>\n\n\t\t\t\t\t\t<\/div>\n\t\t\t\t<\/div>\n\t\t\t\t\t<\/div>\n\t\t<\/div>\n\t\t\t\t\t<\/div>\n\t\t<\/section>\n\t\t\t\t<\/div>\n\t\t","protected":false},"excerpt":{"rendered":"<p>Sizin kadar e\u015fsiz Alt\u0131n, yaln\u0131zca bir yat\u0131r\u0131m de\u011fil; ayn\u0131 zamanda ki\u015fili\u011finizi ve tarz\u0131n\u0131z\u0131 yans\u0131tan \u00f6zel bir de\u011ferdir. Hatay \u00f6zel tasar\u0131m<\/p>\n","protected":false},"author":1,"featured_media":0,"parent":0,"menu_order":0,"comment_status":"closed","ping_status":"closed","template":"","meta":{"footnotes":""},"class_list":["post-27079","page","type-page","status-publish","hentry"],"_links":{"self":[{"href":"https:\/\/hataydenizkuyumculuk.com.tr\/index.php\/wp-json\/wp\/v2\/pages\/27079","targetHints":{"allow":["GET"]}}],"collection":[{"href":"https:\/\/hataydenizkuyumculuk.com.tr\/index.php\/wp-json\/wp\/v2\/pages"}],"about":[{"href":"https:\/\/hataydenizkuyumculuk.com.tr\/index.php\/wp-json\/wp\/v2\/types\/page"}],"author":[{"embeddable":true,"href":"https:\/\/hataydenizkuyumculuk.com.tr\/index.php\/wp-json\/wp\/v2\/users\/1"}],"replies":[{"embeddable":true,"href":"https:\/\/hataydenizkuyumculuk.com.tr\/index.php\/wp-json\/wp\/v2\/comments?post=27079"}],"version-history":[{"count":4,"href":"https:\/\/hataydenizkuyumculuk.com.tr\/index.php\/wp-json\/wp\/v2\/pages\/27079\/revisions"}],"predecessor-version":[{"id":27084,"href":"https:\/\/hataydenizkuyumculuk.com.tr\/index.php\/wp-json\/wp\/v2\/pages\/27079\/revisions\/27084"}],"wp:attachment":[{"href":"https:\/\/hataydenizkuyumculuk.com.tr\/index.php\/wp-json\/wp\/v2\/media?parent=27079"}],"curies":[{"name":"wp","href":"https:\/\/api.w.org\/{rel}","templated":true}]}}