{"id":4400,"date":"2021-10-12T15:51:09","date_gmt":"2021-10-12T15:51:09","guid":{"rendered":"http:\/\/dummy.xtemos.com\/woodmart2\/elementor\/?page_id=4400"},"modified":"2025-08-18T10:06:54","modified_gmt":"2025-08-18T10:06:54","slug":"about-us-3","status":"publish","type":"page","link":"https:\/\/hataydenizkuyumculuk.com.tr\/index.php\/about-us-3\/","title":{"rendered":"Hakk\u0131m\u0131zda"},"content":{"rendered":"\t\t<div data-elementor-type=\"wp-page\" data-elementor-id=\"4400\" class=\"elementor elementor-4400\">\n\t\t\t\t<div class=\"wd-negative-gap elementor-element elementor-element-7c7c544 e-flex e-con-boxed e-con e-parent\" data-id=\"7c7c544\" data-element_type=\"container\">\n\t\t\t\t\t<div class=\"e-con-inner\">\n\t\t<div class=\"elementor-element elementor-element-e7cb5cd e-con-full e-flex e-con e-child\" data-id=\"e7cb5cd\" data-element_type=\"container\">\n\t\t\t\t<div class=\"elementor-element elementor-element-56aec39 elementor-widget elementor-widget-wd_image_or_svg\" data-id=\"56aec39\" data-element_type=\"widget\" data-widget_type=\"wd_image_or_svg.default\">\n\t\t\t\t<div class=\"elementor-widget-container\">\n\t\t\t\t\t\n\t\t<div class=\"wd-image text-left\">\n\t\t\t\t\t\t\t\t<img fetchpriority=\"high\" decoding=\"async\" width=\"640\" height=\"640\" src=\"https:\/\/hataydenizkuyumculuk.com.tr\/wp-content\/uploads\/2025\/08\/Adsiz-tasarim-2025-08-18T110616.746.png\" class=\"attachment-full size-full\" alt=\"\" srcset=\"https:\/\/hataydenizkuyumculuk.com.tr\/wp-content\/uploads\/2025\/08\/Adsiz-tasarim-2025-08-18T110616.746.png 640w, https:\/\/hataydenizkuyumculuk.com.tr\/wp-content\/uploads\/2025\/08\/Adsiz-tasarim-2025-08-18T110616.746-300x300.png 300w, https:\/\/hataydenizkuyumculuk.com.tr\/wp-content\/uploads\/2025\/08\/Adsiz-tasarim-2025-08-18T110616.746-150x150.png 150w, https:\/\/hataydenizkuyumculuk.com.tr\/wp-content\/uploads\/2025\/08\/Adsiz-tasarim-2025-08-18T110616.746-430x430.png 430w\" sizes=\"(max-width: 640px) 100vw, 640px\" \/>\t\t\t\t\t<\/div>\n\n\t\t\t\t\t\t<\/div>\n\t\t\t\t<\/div>\n\t\t\t\t<\/div>\n\t\t<div class=\"elementor-element elementor-element-97d6084 e-con-full e-flex e-con e-child\" data-id=\"97d6084\" data-element_type=\"container\">\n\t\t\t\t<div class=\"elementor-element elementor-element-98d830b elementor-widget__width-initial wd-width-100 elementor-widget elementor-widget-wd_title\" data-id=\"98d830b\" data-element_type=\"widget\" data-widget_type=\"wd_title.default\">\n\t\t\t\t<div class=\"elementor-widget-container\">\n\t\t\t\t\t\t\t<div class=\"title-wrapper set-mb-s reset-last-child wd-title-color-primary wd-title-style-default wd-title-size-large text-left\">\n\n\t\t\t\t\t\t\t<div class=\"title-subtitle subtitle-color-primary subtitle-style-default wd-fontsize-xs\">\n\t\t\t\t\tDeniz Kuyumculuk\t\t\t\t<\/div>\n\t\t\t\n\t\t\t<div class=\"liner-continer\">\n\t\t\t\t<h4 class=\"woodmart-title-container title wd-fontsize-xxl\">Hakk\u0131m\u0131zda<\/h4> \n\t\t\t\t\t\t\t<\/div>\n\n\t\t\t\t\t\t\t<div class=\"title-after_title set-cont-mb-s reset-last-child wd-fontsize-s\">\n\t\t\t\t\t<p><i>\u00a0<\/i><\/p>\t\t\t\t<\/div>\n\t\t\t\t\t<\/div>\n\t\t\t\t\t\t<\/div>\n\t\t\t\t<\/div>\n\t\t\t\t<div class=\"elementor-element elementor-element-66e47ad elementor-widget elementor-widget-wd_text_block\" data-id=\"66e47ad\" data-element_type=\"widget\" data-widget_type=\"wd_text_block.default\">\n\t\t\t\t<div class=\"elementor-widget-container\">\n\t\t\t\t\t\t\t<div class=\"wd-text-block reset-last-child text-left\">\n\t\t\t\n\t\t\t<p data-start=\"123\" data-end=\"354\">Hatay Deniz Kuyumculuk olarak, y\u0131llar\u0131n verdi\u011fi deneyim ve g\u00fcvenle m\u00fc\u015fterilerimize en \u00f6zel tak\u0131 ve alt\u0131nlar\u0131 sunuyoruz. Kaliteli i\u015f\u00e7ili\u011fi, modern tasar\u0131mlarla bulu\u015fturarak her zevke hitap eden \u00fcr\u00fcnler tasarl\u0131yor ve \u00fcretiyoruz.<\/p><p data-start=\"356\" data-end=\"677\">M\u00fc\u015fteri memnuniyetini her zaman \u00f6n planda tutan anlay\u0131\u015f\u0131m\u0131zla, yaln\u0131zca bir al\u0131\u015fveri\u015f de\u011fil; ayn\u0131 zamanda g\u00fcven, \u015f\u0131kl\u0131k ve de\u011fer dolu bir deneyim ya\u015fatmay\u0131 ama\u00e7l\u0131yoruz. Geni\u015f \u00fcr\u00fcn yelpazemiz aras\u0131nda alt\u0131n,\u00a0 \u00a0g\u00fcm\u00fc\u015f ve \u00f6zel tasar\u0131m tak\u0131lar yer almakta olup, her biri \u00f6zenle se\u00e7ilmi\u015f ve titizlikle haz\u0131rlanm\u0131\u015ft\u0131r.<\/p><p data-start=\"679\" data-end=\"863\">Hatay\u2019\u0131n k\u00f6kl\u00fc kuyumculuk gelene\u011fini modern \u00e7izgilerle harmanlayan firmam\u0131z, hem g\u00fcnl\u00fck kullan\u0131m i\u00e7in zarif par\u00e7alar hem de \u00f6zel g\u00fcnlerinize e\u015flik edecek de\u011ferli tak\u0131lar sunmaktad\u0131r.<\/p>\n\t\t\t\t\t<\/div>\n\t\t\t\t\t\t<\/div>\n\t\t\t\t<\/div>\n\t\t\t\t<\/div>\n\t\t\t\t\t<\/div>\n\t\t\t\t<\/div>\n\t\t\t\t<\/div>\n\t\t","protected":false},"excerpt":{"rendered":"<p>Deniz Kuyumculuk Hakk\u0131m\u0131zda \u00a0 Hatay Deniz Kuyumculuk olarak, y\u0131llar\u0131n verdi\u011fi deneyim ve g\u00fcvenle m\u00fc\u015fterilerimize en \u00f6zel tak\u0131 ve alt\u0131nlar\u0131 sunuyoruz.<\/p>\n","protected":false},"author":1,"featured_media":0,"parent":0,"menu_order":0,"comment_status":"closed","ping_status":"closed","template":"","meta":{"footnotes":""},"class_list":["post-4400","page","type-page","status-publish","hentry"],"_links":{"self":[{"href":"https:\/\/hataydenizkuyumculuk.com.tr\/index.php\/wp-json\/wp\/v2\/pages\/4400","targetHints":{"allow":["GET"]}}],"collection":[{"href":"https:\/\/hataydenizkuyumculuk.com.tr\/index.php\/wp-json\/wp\/v2\/pages"}],"about":[{"href":"https:\/\/hataydenizkuyumculuk.com.tr\/index.php\/wp-json\/wp\/v2\/types\/page"}],"author":[{"embeddable":true,"href":"https:\/\/hataydenizkuyumculuk.com.tr\/index.php\/wp-json\/wp\/v2\/users\/1"}],"replies":[{"embeddable":true,"href":"https:\/\/hataydenizkuyumculuk.com.tr\/index.php\/wp-json\/wp\/v2\/comments?post=4400"}],"version-history":[{"count":7,"href":"https:\/\/hataydenizkuyumculuk.com.tr\/index.php\/wp-json\/wp\/v2\/pages\/4400\/revisions"}],"predecessor-version":[{"id":27106,"href":"https:\/\/hataydenizkuyumculuk.com.tr\/index.php\/wp-json\/wp\/v2\/pages\/4400\/revisions\/27106"}],"wp:attachment":[{"href":"https:\/\/hataydenizkuyumculuk.com.tr\/index.php\/wp-json\/wp\/v2\/media?parent=4400"}],"curies":[{"name":"wp","href":"https:\/\/api.w.org\/{rel}","templated":true}]}}